{"id":625,"date":"2026-03-19T23:29:13","date_gmt":"2026-03-19T23:29:13","guid":{"rendered":"https:\/\/mariadiana-art.it\/?page_id=625"},"modified":"2026-04-07T08:52:49","modified_gmt":"2026-04-07T08:52:49","slug":"poesie","status":"publish","type":"page","link":"https:\/\/mariadiana-art.it\/index.php\/poesie\/","title":{"rendered":"POESIE"},"content":{"rendered":"\t\t<div data-elementor-type=\"wp-page\" data-elementor-id=\"625\" class=\"elementor elementor-625\">\n\t\t\t\t<div data-particle_enable=\"false\" data-particle-mobile-disabled=\"false\" class=\"elementor-element elementor-element-41a87a2 e-flex e-con-boxed e-con e-parent\" data-id=\"41a87a2\" data-element_type=\"container\" data-e-type=\"container\" data-settings=\"{&quot;background_background&quot;:&quot;classic&quot;}\">\n\t\t\t\t\t<div class=\"e-con-inner\">\n\t\t\t\t<div class=\"elementor-element elementor-element-f984bbf animated-slow elementor-invisible elementor-widget elementor-widget-heading\" data-id=\"f984bbf\" data-element_type=\"widget\" data-e-type=\"widget\" data-settings=\"{&quot;_animation&quot;:&quot;fadeInUp&quot;}\" data-widget_type=\"heading.default\">\n\t\t\t\t\t<h2 class=\"elementor-heading-title elementor-size-default\">POESIE<\/h2>\t\t\t\t<\/div>\n\t\t\t\t<div class=\"elementor-element elementor-element-e1d989d elementor-widget elementor-widget-heading\" data-id=\"e1d989d\" data-element_type=\"widget\" data-e-type=\"widget\" data-widget_type=\"heading.default\">\n\t\t\t\t\t<h3 class=\"elementor-heading-title elementor-size-default\">La poesia ti richiede tempo perch\u00e9 ti entri dentro, perch\u00e9 tu sia capace di riconoscere il ritmo del suono, della parola. <\/h3>\t\t\t\t<\/div>\n\t\t\t\t\t<\/div>\n\t\t\t\t<\/div>\n\t\t<div data-particle_enable=\"false\" data-particle-mobile-disabled=\"false\" class=\"elementor-element elementor-element-c1fbf06 e-flex e-con-boxed e-con e-parent\" data-id=\"c1fbf06\" data-element_type=\"container\" data-e-type=\"container\" data-settings=\"{&quot;background_background&quot;:&quot;classic&quot;}\">\n\t\t\t\t\t<div class=\"e-con-inner\">\n\t\t<div data-particle_enable=\"false\" data-particle-mobile-disabled=\"false\" class=\"elementor-element elementor-element-4a20c24 e-con-full e-flex e-con e-child\" data-id=\"4a20c24\" data-element_type=\"container\" data-e-type=\"container\">\n\t\t<div data-particle_enable=\"false\" data-particle-mobile-disabled=\"false\" class=\"elementor-element elementor-element-1cd004b e-con-full e-flex e-con e-child\" data-id=\"1cd004b\" data-element_type=\"container\" data-e-type=\"container\">\n\t\t\t\t<div class=\"elementor-element elementor-element-87b5682 elementor-widget elementor-widget-text-editor\" data-id=\"87b5682\" data-element_type=\"widget\" data-e-type=\"widget\" data-widget_type=\"text-editor.default\">\n\t\t\t\t\t\t\t\t\t<p>\u00c8 una cosa che ho sempre fatto quella di prendere appunti dalle poesie. Adesso l\u2019ho applicata alla porcellana, per\u00f2 ricorre nella mia vita.<\/p><p>Quando devo realizzare un lavoro artistico su una poesia o un frammento, mi isolo. Questo mi rilega a Maria Lai perch\u00e9 lei, quando ero ragazzina, mi diceva: \u201cDevi imparare a leggere le poesie, le devi leggere talmente tante volte che a un certo punto senti il ritmo delle parole. Non \u00e8 importante che tu ti sforzi di capire il significato, i simboli, quello viene dopo\u201d.<\/p>\t\t\t\t\t\t\t\t<\/div>\n\t\t\t\t<div class=\"elementor-element elementor-element-8a30c5c elementor-widget elementor-widget-text-editor\" data-id=\"8a30c5c\" data-element_type=\"widget\" data-e-type=\"widget\" data-widget_type=\"text-editor.default\">\n\t\t\t\t\t\t\t\t\t<p>Probabilmente \u00e8 come una musica, devi sentirla tante e tante volte finch\u00e9 ti entra dentro. E mi sembra che facendo questa cosa qui di scriverla lentamente faccio esattamente questo.<\/p>\t\t\t\t\t\t\t\t<\/div>\n\t\t\t\t<div class=\"elementor-element elementor-element-5f6b3df elementor-widget elementor-widget-text-editor\" data-id=\"5f6b3df\" data-element_type=\"widget\" data-e-type=\"widget\" data-widget_type=\"text-editor.default\">\n\t\t\t\t\t\t\t\t\t<p>Ho trovato dei caratteri tipografici con cui scrivere, dei piccoli punzoni. Uno vede questa pagina e pensa che sia stampata e invece\u2026 \u00e8 composta a mano, carattere dopo carattere su porcellana. \u00c8 una scrittura molto lenta e trovo che si adatti alla poesia. Devi fare molta attenzione agli spazi tra un carattere e l\u2019altro, calibrare la pressione, evitare che il segno si imprima troppo in profondit\u00e0 nell\u2019impasto ancora fresco.\u00a0<\/p>\t\t\t\t\t\t\t\t<\/div>\n\t\t\t\t<\/div>\n\t\t<div data-particle_enable=\"false\" data-particle-mobile-disabled=\"false\" class=\"elementor-element elementor-element-ef5c8d9 e-con-full e-flex e-con e-child\" data-id=\"ef5c8d9\" data-element_type=\"container\" data-e-type=\"container\">\n\t\t\t\t<div class=\"elementor-element elementor-element-428f9b0 elementor-widget elementor-widget-text-editor\" data-id=\"428f9b0\" data-element_type=\"widget\" data-e-type=\"widget\" data-widget_type=\"text-editor.default\">\n\t\t\t\t\t\t\t\t\t<p>\u00c8 un tempo bello, un po\u2019 meditativo, in cui mi piace stare a lungo lavorando.<\/p><p>E poi la strappo come se fosse la pagina di un libro, in realt\u00e0 la strappo da tutti i lati, mi piace che sia irregolare da tutti i lati e poi la rilego con la tecnica giapponese, con filo d\u2019argento.<\/p><p>La poesia di Dacia Maraini \u201cHo sognato di volare\u201d per ora non l\u2019ho ancora scritta tutta, ma vorrei farlo. Ne ho estratto dei frammenti, poche parole. Li ho inseriti in cassette di legno e poi ho creato una barriera, in questo caso di seta, altre volte in tessuto d\u2019ottone. Volevo lavorare sulla trasparenza, ma non ero convinta che il vetro potesse funzionare e quindi ho pensato di bucare questa specie di filtro, di membrana, come se fosse rotto da un becco. Mi d\u00e0 l\u2019idea di aprire un varco in questa cosa che \u00e8 chiusa\u2026 come se fosse una nascita.<\/p><p>Mi sono ispirata anche alle poesie di Adonis, Emilie Dickinson, Nazim Hikmet, Bertolt Brecht. Mi sono ripromessa di ri-scrivere una poesia bellissima di Hikmet sugli alberi, sugli ulivi, dove dice: non piantare gli ulivi n\u00e9 per te, n\u00e9 per i tuoi figli, ma per il mondo che verr\u00e0.<\/p>\t\t\t\t\t\t\t\t<\/div>\n\t\t\t\t<\/div>\n\t\t\t\t<\/div>\n\t\t\t\t\t<\/div>\n\t\t\t\t<\/div>\n\t\t<div data-particle_enable=\"false\" data-particle-mobile-disabled=\"false\" class=\"elementor-element elementor-element-68253e0 e-flex e-con-boxed e-con e-parent\" data-id=\"68253e0\" data-element_type=\"container\" data-e-type=\"container\" data-settings=\"{&quot;background_background&quot;:&quot;classic&quot;}\">\n\t\t\t\t\t<div class=\"e-con-inner\">\n\t\t\t\t\t<\/div>\n\t\t\t\t<\/div>\n\t\t<div data-particle_enable=\"false\" data-particle-mobile-disabled=\"false\" class=\"elementor-element elementor-element-80c2a94 e-flex e-con-boxed e-con e-parent\" data-id=\"80c2a94\" data-element_type=\"container\" data-e-type=\"container\" data-settings=\"{&quot;background_background&quot;:&quot;classic&quot;}\">\n\t\t\t\t\t<div class=\"e-con-inner\">\n\t\t\t\t<div class=\"elementor-element elementor-element-b70e575 animated-slow elementor-invisible elementor-widget elementor-widget-heading\" data-id=\"b70e575\" data-element_type=\"widget\" data-e-type=\"widget\" data-settings=\"{&quot;_animation&quot;:&quot;fadeInUp&quot;}\" data-widget_type=\"heading.default\">\n\t\t\t\t\t<h1 class=\"elementor-heading-title elementor-size-default\">OPERE<\/h1>\t\t\t\t<\/div>\n\t\t\t\t\t<\/div>\n\t\t\t\t<\/div>\n\t\t<div data-particle_enable=\"false\" data-particle-mobile-disabled=\"false\" class=\"elementor-element elementor-element-62981a6 e-con-full e-flex e-con e-parent\" data-id=\"62981a6\" data-element_type=\"container\" data-e-type=\"container\" data-settings=\"{&quot;background_background&quot;:&quot;classic&quot;}\">\n\t\t<div data-particle_enable=\"false\" data-particle-mobile-disabled=\"false\" class=\"elementor-element elementor-element-7e7fc03 e-con-full e-flex e-con e-child\" data-id=\"7e7fc03\" data-element_type=\"container\" data-e-type=\"container\">\n\t\t\t\t<div class=\"elementor-element elementor-element-e508e5f elementor-widget elementor-widget-image\" data-id=\"e508e5f\" data-element_type=\"widget\" data-e-type=\"widget\" data-widget_type=\"image.default\">\n\t\t\t\t\t\t\t\t\t\t\t\t<figure class=\"wp-caption\">\n\t\t\t\t\t\t\t\t\t\t<img fetchpriority=\"high\" decoding=\"async\" width=\"678\" height=\"1024\" src=\"https:\/\/mariadiana-art.it\/wp-content\/uploads\/2026\/03\/poesie-03-678x1024.jpg\" class=\"attachment-large size-large wp-image-629\" alt=\"poesie 03\" srcset=\"https:\/\/mariadiana-art.it\/wp-content\/uploads\/2026\/03\/poesie-03-678x1024.jpg 678w, https:\/\/mariadiana-art.it\/wp-content\/uploads\/2026\/03\/poesie-03-199x300.jpg 199w, https:\/\/mariadiana-art.it\/wp-content\/uploads\/2026\/03\/poesie-03-768x1161.jpg 768w, https:\/\/mariadiana-art.it\/wp-content\/uploads\/2026\/03\/poesie-03.jpg 990w\" sizes=\"(max-width: 678px) 100vw, 678px\" \/>\t\t\t\t\t\t\t\t\t\t\t<figcaption class=\"widget-image-caption wp-caption-text\">Frammenti di Roma | porcellana | 35x35cm<\/figcaption>\n\t\t\t\t\t\t\t\t\t\t<\/figure>\n\t\t\t\t\t\t\t\t\t<\/div>\n\t\t\t\t<\/div>\n\t\t<div data-particle_enable=\"false\" data-particle-mobile-disabled=\"false\" class=\"elementor-element elementor-element-fa9facd e-con-full e-flex e-con e-child\" data-id=\"fa9facd\" data-element_type=\"container\" data-e-type=\"container\">\n\t\t\t\t<div class=\"elementor-element elementor-element-f1dfa2a elementor-widget elementor-widget-image\" data-id=\"f1dfa2a\" data-element_type=\"widget\" data-e-type=\"widget\" data-widget_type=\"image.default\">\n\t\t\t\t\t\t\t\t\t\t\t\t\t\t\t<img decoding=\"async\" width=\"800\" height=\"534\" src=\"https:\/\/mariadiana-art.it\/wp-content\/uploads\/2026\/03\/poesie-04.jpg\" class=\"attachment-large size-large wp-image-630\" alt=\"poesie 04\" srcset=\"https:\/\/mariadiana-art.it\/wp-content\/uploads\/2026\/03\/poesie-04.jpg 990w, https:\/\/mariadiana-art.it\/wp-content\/uploads\/2026\/03\/poesie-04-300x200.jpg 300w, https:\/\/mariadiana-art.it\/wp-content\/uploads\/2026\/03\/poesie-04-768x513.jpg 768w\" sizes=\"(max-width: 800px) 100vw, 800px\" \/>\t\t\t\t\t\t\t\t\t\t\t\t\t\t\t<\/div>\n\t\t\t\t<div class=\"elementor-element elementor-element-3448163 elementor-widget elementor-widget-image\" data-id=\"3448163\" data-element_type=\"widget\" data-e-type=\"widget\" data-widget_type=\"image.default\">\n\t\t\t\t\t\t\t\t\t\t\t\t\t\t\t<img decoding=\"async\" width=\"800\" height=\"534\" src=\"https:\/\/mariadiana-art.it\/wp-content\/uploads\/2026\/03\/poesie-05.jpg\" class=\"attachment-large size-large wp-image-631\" alt=\"\" srcset=\"https:\/\/mariadiana-art.it\/wp-content\/uploads\/2026\/03\/poesie-05.jpg 990w, https:\/\/mariadiana-art.it\/wp-content\/uploads\/2026\/03\/poesie-05-300x200.jpg 300w, https:\/\/mariadiana-art.it\/wp-content\/uploads\/2026\/03\/poesie-05-768x513.jpg 768w\" sizes=\"(max-width: 800px) 100vw, 800px\" \/>\t\t\t\t\t\t\t\t\t\t\t\t\t\t\t<\/div>\n\t\t\t\t<\/div>\n\t\t<div data-particle_enable=\"false\" data-particle-mobile-disabled=\"false\" class=\"elementor-element elementor-element-2c35aa4 e-con-full e-flex e-con e-child\" data-id=\"2c35aa4\" data-element_type=\"container\" data-e-type=\"container\">\n\t\t\t\t<div class=\"elementor-element elementor-element-2acf28c elementor-widget elementor-widget-image\" data-id=\"2acf28c\" data-element_type=\"widget\" data-e-type=\"widget\" data-widget_type=\"image.default\">\n\t\t\t\t\t\t\t\t\t\t\t\t<figure class=\"wp-caption\">\n\t\t\t\t\t\t\t\t\t\t<img loading=\"lazy\" decoding=\"async\" width=\"800\" height=\"534\" src=\"https:\/\/mariadiana-art.it\/wp-content\/uploads\/2026\/03\/poesie-02.jpg\" class=\"attachment-large size-large wp-image-628\" alt=\"poesie 02\" srcset=\"https:\/\/mariadiana-art.it\/wp-content\/uploads\/2026\/03\/poesie-02.jpg 990w, https:\/\/mariadiana-art.it\/wp-content\/uploads\/2026\/03\/poesie-02-300x200.jpg 300w, https:\/\/mariadiana-art.it\/wp-content\/uploads\/2026\/03\/poesie-02-768x513.jpg 768w\" sizes=\"(max-width: 800px) 100vw, 800px\" \/>\t\t\t\t\t\t\t\t\t\t\t<figcaption class=\"widget-image-caption wp-caption-text\">Frammenti di Roma | porcellana | 35x35cm<\/figcaption>\n\t\t\t\t\t\t\t\t\t\t<\/figure>\n\t\t\t\t\t\t\t\t\t<\/div>\n\t\t\t\t<div class=\"elementor-element elementor-element-fd69319 elementor-widget elementor-widget-image\" data-id=\"fd69319\" data-element_type=\"widget\" data-e-type=\"widget\" data-widget_type=\"image.default\">\n\t\t\t\t\t\t\t\t\t\t\t\t<figure class=\"wp-caption\">\n\t\t\t\t\t\t\t\t\t\t<img loading=\"lazy\" decoding=\"async\" width=\"800\" height=\"547\" src=\"https:\/\/mariadiana-art.it\/wp-content\/uploads\/2026\/03\/poesie-01.jpg\" class=\"attachment-large size-large wp-image-627\" alt=\"poesie 01\" srcset=\"https:\/\/mariadiana-art.it\/wp-content\/uploads\/2026\/03\/poesie-01.jpg 990w, https:\/\/mariadiana-art.it\/wp-content\/uploads\/2026\/03\/poesie-01-300x205.jpg 300w, https:\/\/mariadiana-art.it\/wp-content\/uploads\/2026\/03\/poesie-01-768x525.jpg 768w\" sizes=\"(max-width: 800px) 100vw, 800px\" \/>\t\t\t\t\t\t\t\t\t\t\t<figcaption class=\"widget-image-caption wp-caption-text\">Frammenti di Roma | porcellana | 35x35cm<\/figcaption>\n\t\t\t\t\t\t\t\t\t\t<\/figure>\n\t\t\t\t\t\t\t\t\t<\/div>\n\t\t\t\t<\/div>\n\t\t\t\t<\/div>\n\t\t\t\t<\/div>\n\t\t","protected":false},"excerpt":{"rendered":"<p>POESIE La poesia ti richiede tempo perch\u00e9 ti entri dentro, perch\u00e9 tu sia capace di riconoscere il ritmo del suono, della parola. \u00c8 una cosa che ho sempre fatto quella di prendere appunti dalle poesie. Adesso l\u2019ho applicata alla porcellana, per\u00f2 ricorre nella mia vita. Quando devo realizzare un lavoro artistico su una poesia o [&hellip;]<\/p>\n","protected":false},"author":1,"featured_media":0,"parent":0,"menu_order":0,"comment_status":"closed","ping_status":"closed","template":"elementor_header_footer","meta":{"footnotes":""},"class_list":["post-625","page","type-page","status-publish","hentry"],"yoast_head":"<!-- This site is optimized with the Yoast SEO plugin v27.2 - https:\/\/yoast.com\/product\/yoast-seo-wordpress\/ -->\n<title>POESIE - Maria Diana Art<\/title>\n<meta name=\"robots\" content=\"index, follow, max-snippet:-1, max-image-preview:large, max-video-preview:-1\" \/>\n<link rel=\"canonical\" href=\"https:\/\/mariadiana-art.it\/index.php\/poesie\/\" \/>\n<meta property=\"og:locale\" content=\"it_IT\" \/>\n<meta property=\"og:type\" content=\"article\" \/>\n<meta property=\"og:title\" content=\"POESIE - Maria Diana Art\" \/>\n<meta property=\"og:description\" content=\"POESIE La poesia ti richiede tempo perch\u00e9 ti entri dentro, perch\u00e9 tu sia capace di riconoscere il ritmo del suono, della parola. \u00c8 una cosa che ho sempre fatto quella di prendere appunti dalle poesie. Adesso l\u2019ho applicata alla porcellana, per\u00f2 ricorre nella mia vita. Quando devo realizzare un lavoro artistico su una poesia o [&hellip;]\" \/>\n<meta property=\"og:url\" content=\"https:\/\/mariadiana-art.it\/index.php\/poesie\/\" \/>\n<meta property=\"og:site_name\" content=\"Maria Diana Art\" \/>\n<meta property=\"article:modified_time\" content=\"2026-04-07T08:52:49+00:00\" \/>\n<meta property=\"og:image\" content=\"https:\/\/mariadiana-art.it\/wp-content\/uploads\/2026\/03\/poesie-03.jpg\" \/>\n\t<meta property=\"og:image:width\" content=\"990\" \/>\n\t<meta property=\"og:image:height\" content=\"1496\" \/>\n\t<meta property=\"og:image:type\" content=\"image\/jpeg\" \/>\n<meta name=\"twitter:card\" content=\"summary_large_image\" \/>\n<meta name=\"twitter:label1\" content=\"Tempo di lettura stimato\" \/>\n\t<meta name=\"twitter:data1\" content=\"3 minuti\" \/>\n<script type=\"application\/ld+json\" class=\"yoast-schema-graph\">{\"@context\":\"https:\/\/schema.org\",\"@graph\":[{\"@type\":\"WebPage\",\"@id\":\"https:\/\/mariadiana-art.it\/index.php\/poesie\/\",\"url\":\"https:\/\/mariadiana-art.it\/index.php\/poesie\/\",\"name\":\"POESIE - Maria Diana Art\",\"isPartOf\":{\"@id\":\"https:\/\/mariadiana-art.it\/#website\"},\"primaryImageOfPage\":{\"@id\":\"https:\/\/mariadiana-art.it\/index.php\/poesie\/#primaryimage\"},\"image\":{\"@id\":\"https:\/\/mariadiana-art.it\/index.php\/poesie\/#primaryimage\"},\"thumbnailUrl\":\"https:\/\/mariadiana-art.it\/wp-content\/uploads\/2026\/03\/poesie-03-678x1024.jpg\",\"datePublished\":\"2026-03-19T23:29:13+00:00\",\"dateModified\":\"2026-04-07T08:52:49+00:00\",\"breadcrumb\":{\"@id\":\"https:\/\/mariadiana-art.it\/index.php\/poesie\/#breadcrumb\"},\"inLanguage\":\"it-IT\",\"potentialAction\":[{\"@type\":\"ReadAction\",\"target\":[\"https:\/\/mariadiana-art.it\/index.php\/poesie\/\"]}]},{\"@type\":\"ImageObject\",\"inLanguage\":\"it-IT\",\"@id\":\"https:\/\/mariadiana-art.it\/index.php\/poesie\/#primaryimage\",\"url\":\"https:\/\/mariadiana-art.it\/wp-content\/uploads\/2026\/03\/poesie-03.jpg\",\"contentUrl\":\"https:\/\/mariadiana-art.it\/wp-content\/uploads\/2026\/03\/poesie-03.jpg\",\"width\":990,\"height\":1496,\"caption\":\"poesie 03\"},{\"@type\":\"BreadcrumbList\",\"@id\":\"https:\/\/mariadiana-art.it\/index.php\/poesie\/#breadcrumb\",\"itemListElement\":[{\"@type\":\"ListItem\",\"position\":1,\"name\":\"Home\",\"item\":\"https:\/\/mariadiana-art.it\/\"},{\"@type\":\"ListItem\",\"position\":2,\"name\":\"POESIE\"}]},{\"@type\":\"WebSite\",\"@id\":\"https:\/\/mariadiana-art.it\/#website\",\"url\":\"https:\/\/mariadiana-art.it\/\",\"name\":\"Maria Diana Art\",\"description\":\"Materia, Arte\",\"publisher\":{\"@id\":\"https:\/\/mariadiana-art.it\/#organization\"},\"potentialAction\":[{\"@type\":\"SearchAction\",\"target\":{\"@type\":\"EntryPoint\",\"urlTemplate\":\"https:\/\/mariadiana-art.it\/?s={search_term_string}\"},\"query-input\":{\"@type\":\"PropertyValueSpecification\",\"valueRequired\":true,\"valueName\":\"search_term_string\"}}],\"inLanguage\":\"it-IT\"},{\"@type\":\"Organization\",\"@id\":\"https:\/\/mariadiana-art.it\/#organization\",\"name\":\"Maria Diana Art\",\"url\":\"https:\/\/mariadiana-art.it\/\",\"logo\":{\"@type\":\"ImageObject\",\"inLanguage\":\"it-IT\",\"@id\":\"https:\/\/mariadiana-art.it\/#\/schema\/logo\/image\/\",\"url\":\"https:\/\/mariadiana-art.it\/wp-content\/uploads\/2025\/07\/logo-maria-diana-sito-02.png\",\"contentUrl\":\"https:\/\/mariadiana-art.it\/wp-content\/uploads\/2025\/07\/logo-maria-diana-sito-02.png\",\"width\":521,\"height\":551,\"caption\":\"Maria Diana Art\"},\"image\":{\"@id\":\"https:\/\/mariadiana-art.it\/#\/schema\/logo\/image\/\"}}]}<\/script>\n<!-- \/ Yoast SEO plugin. -->","yoast_head_json":{"title":"POESIE - Maria Diana Art","robots":{"index":"index","follow":"follow","max-snippet":"max-snippet:-1","max-image-preview":"max-image-preview:large","max-video-preview":"max-video-preview:-1"},"canonical":"https:\/\/mariadiana-art.it\/index.php\/poesie\/","og_locale":"it_IT","og_type":"article","og_title":"POESIE - Maria Diana Art","og_description":"POESIE La poesia ti richiede tempo perch\u00e9 ti entri dentro, perch\u00e9 tu sia capace di riconoscere il ritmo del suono, della parola. \u00c8 una cosa che ho sempre fatto quella di prendere appunti dalle poesie. Adesso l\u2019ho applicata alla porcellana, per\u00f2 ricorre nella mia vita. Quando devo realizzare un lavoro artistico su una poesia o [&hellip;]","og_url":"https:\/\/mariadiana-art.it\/index.php\/poesie\/","og_site_name":"Maria Diana Art","article_modified_time":"2026-04-07T08:52:49+00:00","og_image":[{"width":990,"height":1496,"url":"https:\/\/mariadiana-art.it\/wp-content\/uploads\/2026\/03\/poesie-03.jpg","type":"image\/jpeg"}],"twitter_card":"summary_large_image","twitter_misc":{"Tempo di lettura stimato":"3 minuti"},"schema":{"@context":"https:\/\/schema.org","@graph":[{"@type":"WebPage","@id":"https:\/\/mariadiana-art.it\/index.php\/poesie\/","url":"https:\/\/mariadiana-art.it\/index.php\/poesie\/","name":"POESIE - Maria Diana Art","isPartOf":{"@id":"https:\/\/mariadiana-art.it\/#website"},"primaryImageOfPage":{"@id":"https:\/\/mariadiana-art.it\/index.php\/poesie\/#primaryimage"},"image":{"@id":"https:\/\/mariadiana-art.it\/index.php\/poesie\/#primaryimage"},"thumbnailUrl":"https:\/\/mariadiana-art.it\/wp-content\/uploads\/2026\/03\/poesie-03-678x1024.jpg","datePublished":"2026-03-19T23:29:13+00:00","dateModified":"2026-04-07T08:52:49+00:00","breadcrumb":{"@id":"https:\/\/mariadiana-art.it\/index.php\/poesie\/#breadcrumb"},"inLanguage":"it-IT","potentialAction":[{"@type":"ReadAction","target":["https:\/\/mariadiana-art.it\/index.php\/poesie\/"]}]},{"@type":"ImageObject","inLanguage":"it-IT","@id":"https:\/\/mariadiana-art.it\/index.php\/poesie\/#primaryimage","url":"https:\/\/mariadiana-art.it\/wp-content\/uploads\/2026\/03\/poesie-03.jpg","contentUrl":"https:\/\/mariadiana-art.it\/wp-content\/uploads\/2026\/03\/poesie-03.jpg","width":990,"height":1496,"caption":"poesie 03"},{"@type":"BreadcrumbList","@id":"https:\/\/mariadiana-art.it\/index.php\/poesie\/#breadcrumb","itemListElement":[{"@type":"ListItem","position":1,"name":"Home","item":"https:\/\/mariadiana-art.it\/"},{"@type":"ListItem","position":2,"name":"POESIE"}]},{"@type":"WebSite","@id":"https:\/\/mariadiana-art.it\/#website","url":"https:\/\/mariadiana-art.it\/","name":"Maria Diana Art","description":"Materia, Arte","publisher":{"@id":"https:\/\/mariadiana-art.it\/#organization"},"potentialAction":[{"@type":"SearchAction","target":{"@type":"EntryPoint","urlTemplate":"https:\/\/mariadiana-art.it\/?s={search_term_string}"},"query-input":{"@type":"PropertyValueSpecification","valueRequired":true,"valueName":"search_term_string"}}],"inLanguage":"it-IT"},{"@type":"Organization","@id":"https:\/\/mariadiana-art.it\/#organization","name":"Maria Diana Art","url":"https:\/\/mariadiana-art.it\/","logo":{"@type":"ImageObject","inLanguage":"it-IT","@id":"https:\/\/mariadiana-art.it\/#\/schema\/logo\/image\/","url":"https:\/\/mariadiana-art.it\/wp-content\/uploads\/2025\/07\/logo-maria-diana-sito-02.png","contentUrl":"https:\/\/mariadiana-art.it\/wp-content\/uploads\/2025\/07\/logo-maria-diana-sito-02.png","width":521,"height":551,"caption":"Maria Diana Art"},"image":{"@id":"https:\/\/mariadiana-art.it\/#\/schema\/logo\/image\/"}}]}},"_links":{"self":[{"href":"https:\/\/mariadiana-art.it\/index.php\/wp-json\/wp\/v2\/pages\/625","targetHints":{"allow":["GET"]}}],"collection":[{"href":"https:\/\/mariadiana-art.it\/index.php\/wp-json\/wp\/v2\/pages"}],"about":[{"href":"https:\/\/mariadiana-art.it\/index.php\/wp-json\/wp\/v2\/types\/page"}],"author":[{"embeddable":true,"href":"https:\/\/mariadiana-art.it\/index.php\/wp-json\/wp\/v2\/users\/1"}],"replies":[{"embeddable":true,"href":"https:\/\/mariadiana-art.it\/index.php\/wp-json\/wp\/v2\/comments?post=625"}],"version-history":[{"count":16,"href":"https:\/\/mariadiana-art.it\/index.php\/wp-json\/wp\/v2\/pages\/625\/revisions"}],"predecessor-version":[{"id":753,"href":"https:\/\/mariadiana-art.it\/index.php\/wp-json\/wp\/v2\/pages\/625\/revisions\/753"}],"wp:attachment":[{"href":"https:\/\/mariadiana-art.it\/index.php\/wp-json\/wp\/v2\/media?parent=625"}],"curies":[{"name":"wp","href":"https:\/\/api.w.org\/{rel}","templated":true}]}}