{"id":149,"date":"2025-07-12T13:43:56","date_gmt":"2025-07-12T13:43:56","guid":{"rendered":"https:\/\/mariadiana-art.it\/?page_id=149"},"modified":"2026-04-29T16:42:09","modified_gmt":"2026-04-29T16:42:09","slug":"lune","status":"publish","type":"page","link":"https:\/\/mariadiana-art.it\/index.php\/lune\/","title":{"rendered":"LUNE"},"content":{"rendered":"\t\t<div data-elementor-type=\"wp-page\" data-elementor-id=\"149\" class=\"elementor elementor-149\">\n\t\t\t\t<div data-particle_enable=\"false\" data-particle-mobile-disabled=\"false\" class=\"elementor-element elementor-element-d3a1835 e-flex e-con-boxed e-con e-parent\" data-id=\"d3a1835\" data-element_type=\"container\" data-e-type=\"container\" data-settings=\"{&quot;background_background&quot;:&quot;classic&quot;}\">\n\t\t\t\t\t<div class=\"e-con-inner\">\n\t\t\t\t<div class=\"elementor-element elementor-element-e9780a2 animated-slow elementor-invisible elementor-widget elementor-widget-heading\" data-id=\"e9780a2\" data-element_type=\"widget\" data-e-type=\"widget\" data-settings=\"{&quot;_animation&quot;:&quot;fadeInUp&quot;}\" data-widget_type=\"heading.default\">\n\t\t\t\t\t<h2 class=\"elementor-heading-title elementor-size-default\">LUNE<\/h2>\t\t\t\t<\/div>\n\t\t\t\t<div class=\"elementor-element elementor-element-8e72caf elementor-widget elementor-widget-heading\" data-id=\"8e72caf\" data-element_type=\"widget\" data-e-type=\"widget\" data-widget_type=\"heading.default\">\n\t\t\t\t\t<h3 class=\"elementor-heading-title elementor-size-default\">Le lune sono opere multiple, composte da pi\u00f9 elementi che formano l\u2019arco lunare.<\/h3>\t\t\t\t<\/div>\n\t\t\t\t\t<\/div>\n\t\t\t\t<\/div>\n\t\t<div data-particle_enable=\"false\" data-particle-mobile-disabled=\"false\" class=\"elementor-element elementor-element-8021808 e-flex e-con-boxed e-con e-parent\" data-id=\"8021808\" data-element_type=\"container\" data-e-type=\"container\" data-settings=\"{&quot;background_background&quot;:&quot;classic&quot;}\">\n\t\t\t\t\t<div class=\"e-con-inner\">\n\t\t<div data-particle_enable=\"false\" data-particle-mobile-disabled=\"false\" class=\"elementor-element elementor-element-8b6644a e-con-full e-flex e-con e-child\" data-id=\"8b6644a\" data-element_type=\"container\" data-e-type=\"container\">\n\t\t<div data-particle_enable=\"false\" data-particle-mobile-disabled=\"false\" class=\"elementor-element elementor-element-8aae4f0 e-con-full e-flex e-con e-child\" data-id=\"8aae4f0\" data-element_type=\"container\" data-e-type=\"container\">\n\t\t\t\t<div class=\"elementor-element elementor-element-fb8f946 elementor-widget elementor-widget-text-editor\" data-id=\"fb8f946\" data-element_type=\"widget\" data-e-type=\"widget\" data-widget_type=\"text-editor.default\">\n\t\t\t\t\t\t\t\t\t<p>Sono stata sempre attratta dalla piccola dimensione, mi piace l\u2019idea dell\u2019opera intima.<\/p>\t\t\t\t\t\t\t\t<\/div>\n\t\t\t\t<div class=\"elementor-element elementor-element-57a9ed7 elementor-widget elementor-widget-text-editor\" data-id=\"57a9ed7\" data-element_type=\"widget\" data-e-type=\"widget\" data-widget_type=\"text-editor.default\">\n\t\t\t\t\t\t\t\t\t<p>Ultimamente per\u00f2 sento l\u2019esigenza di avere uno sguardo pi\u00f9 ampio, un gesto pi\u00f9 ampio.<br \/>Ho sempre avuto il problema di usare cose di piccolo formato, per poterle cuocere nel mio forno. Questa scelta era anche funzionale, perch\u00e9 io potessi trasportarle facilmente. Realizzare opere anche grandi, per\u00f2 composte da pi\u00f9 elementi.<br \/>L\u2019opera grande mi permette di catturare l\u2019attenzione.<br \/>E a quel punto l\u00ec \u00e8 come se riuscissi a fare entrare le persone nel mio mondo.<\/p>\t\t\t\t\t\t\t\t<\/div>\n\t\t\t\t<\/div>\n\t\t<div data-particle_enable=\"false\" data-particle-mobile-disabled=\"false\" class=\"elementor-element elementor-element-e28108d e-con-full e-flex e-con e-child\" data-id=\"e28108d\" data-element_type=\"container\" data-e-type=\"container\">\n\t\t\t\t<div class=\"elementor-element elementor-element-f7c9fa5 elementor-widget elementor-widget-text-editor\" data-id=\"f7c9fa5\" data-element_type=\"widget\" data-e-type=\"widget\" data-widget_type=\"text-editor.default\">\n\t\t\t\t\t\t\t\t\t<p>Le lune sono opere multiple, composte da pi\u00f9 elementi che formano l\u2019arco lunare. Facevano parte di un corpo di opere pi\u00f9 ricco, che era nato con l\u2019idea di lavorare sull\u2019ombra della luna, riempirla di significati. Incidevo sulla parte nera delle piccole poesie o frasi.<\/p><p>\u00c8 un ciclo di lavori che penso che riprender\u00f2 per approfondirlo meglio, mi piace pensare che alcuni non siano chiusi ma possano essere rielaborati e riscoperti.<\/p>\t\t\t\t\t\t\t\t<\/div>\n\t\t\t\t<\/div>\n\t\t\t\t<\/div>\n\t\t\t\t\t<\/div>\n\t\t\t\t<\/div>\n\t\t<div data-particle_enable=\"false\" data-particle-mobile-disabled=\"false\" class=\"elementor-element elementor-element-82e22f4 e-flex e-con-boxed e-con e-parent\" data-id=\"82e22f4\" data-element_type=\"container\" data-e-type=\"container\" data-settings=\"{&quot;background_background&quot;:&quot;classic&quot;}\">\n\t\t\t\t\t<div class=\"e-con-inner\">\n\t\t\t\t\t<\/div>\n\t\t\t\t<\/div>\n\t\t<div data-particle_enable=\"false\" data-particle-mobile-disabled=\"false\" class=\"elementor-element elementor-element-8b87126 e-flex e-con-boxed e-con e-parent\" data-id=\"8b87126\" data-element_type=\"container\" data-e-type=\"container\" data-settings=\"{&quot;background_background&quot;:&quot;classic&quot;}\">\n\t\t\t\t\t<div class=\"e-con-inner\">\n\t\t\t\t<div class=\"elementor-element elementor-element-c8d6c1b animated-slow elementor-invisible elementor-widget elementor-widget-heading\" data-id=\"c8d6c1b\" data-element_type=\"widget\" data-e-type=\"widget\" data-settings=\"{&quot;_animation&quot;:&quot;fadeInUp&quot;}\" data-widget_type=\"heading.default\">\n\t\t\t\t\t<h1 class=\"elementor-heading-title elementor-size-default\">OPERE<\/h1>\t\t\t\t<\/div>\n\t\t\t\t\t<\/div>\n\t\t\t\t<\/div>\n\t\t<div data-particle_enable=\"false\" data-particle-mobile-disabled=\"false\" class=\"elementor-element elementor-element-4f29468 e-con-full e-flex e-con e-parent\" data-id=\"4f29468\" data-element_type=\"container\" data-e-type=\"container\" data-settings=\"{&quot;background_background&quot;:&quot;classic&quot;}\">\n\t\t<div data-particle_enable=\"false\" data-particle-mobile-disabled=\"false\" class=\"elementor-element elementor-element-ad38891 e-con-full e-flex e-con e-child\" data-id=\"ad38891\" data-element_type=\"container\" data-e-type=\"container\">\n\t\t\t\t<div class=\"elementor-element elementor-element-26354f7 elementor-widget elementor-widget-image\" data-id=\"26354f7\" data-element_type=\"widget\" data-e-type=\"widget\" data-widget_type=\"image.default\">\n\t\t\t\t\t\t\t\t\t\t\t\t<figure class=\"wp-caption\">\n\t\t\t\t\t\t\t\t\t\t\t<a href=\"https:\/\/mariadiana-art.it\/wp-content\/uploads\/2026\/03\/lune-03.jpg\" data-elementor-open-lightbox=\"yes\" data-e-action-hash=\"#elementor-action%3Aaction%3Dlightbox%26settings%3DeyJpZCI6NjIxLCJ1cmwiOiJodHRwczpcL1wvbWFyaWFkaWFuYS1hcnQuaXRcL3dwLWNvbnRlbnRcL3VwbG9hZHNcLzIwMjZcLzAzXC9sdW5lLTAzLmpwZyJ9\">\n\t\t\t\t\t\t\t<img fetchpriority=\"high\" decoding=\"async\" width=\"990\" height=\"661\" src=\"https:\/\/mariadiana-art.it\/wp-content\/uploads\/2026\/03\/lune-03.jpg\" class=\"attachment-full size-full wp-image-621\" alt=\"lune 03\" srcset=\"https:\/\/mariadiana-art.it\/wp-content\/uploads\/2026\/03\/lune-03.jpg 990w, https:\/\/mariadiana-art.it\/wp-content\/uploads\/2026\/03\/lune-03-300x200.jpg 300w, https:\/\/mariadiana-art.it\/wp-content\/uploads\/2026\/03\/lune-03-768x513.jpg 768w\" sizes=\"(max-width: 990px) 100vw, 990px\" \/>\t\t\t\t\t\t\t\t<\/a>\n\t\t\t\t\t\t\t\t\t\t\t<figcaption class=\"widget-image-caption wp-caption-text\">Luna di Nemi, 2025 (40x40cm)<br \/>Terracotta bianca, ossidi, incisioni, legno dipinto<\/figcaption>\n\t\t\t\t\t\t\t\t\t\t<\/figure>\n\t\t\t\t\t\t\t\t\t<\/div>\n\t\t\t\t<\/div>\n\t\t<div data-particle_enable=\"false\" data-particle-mobile-disabled=\"false\" class=\"elementor-element elementor-element-c2176ed e-con-full e-flex e-con e-child\" data-id=\"c2176ed\" data-element_type=\"container\" data-e-type=\"container\">\n\t\t\t\t<div class=\"elementor-element elementor-element-8ff7809 elementor-widget elementor-widget-image\" data-id=\"8ff7809\" data-element_type=\"widget\" data-e-type=\"widget\" data-widget_type=\"image.default\">\n\t\t\t\t\t\t\t\t\t\t\t\t<figure class=\"wp-caption\">\n\t\t\t\t\t\t\t\t\t\t\t<a href=\"https:\/\/mariadiana-art.it\/wp-content\/uploads\/2026\/03\/lune-02.jpg\" data-elementor-open-lightbox=\"yes\" data-e-action-hash=\"#elementor-action%3Aaction%3Dlightbox%26settings%3DeyJpZCI6NjIwLCJ1cmwiOiJodHRwczpcL1wvbWFyaWFkaWFuYS1hcnQuaXRcL3dwLWNvbnRlbnRcL3VwbG9hZHNcLzIwMjZcLzAzXC9sdW5lLTAyLmpwZyJ9\">\n\t\t\t\t\t\t\t<img decoding=\"async\" width=\"990\" height=\"660\" src=\"https:\/\/mariadiana-art.it\/wp-content\/uploads\/2026\/03\/lune-02.jpg\" class=\"attachment-full size-full wp-image-620\" alt=\"lune 02\" srcset=\"https:\/\/mariadiana-art.it\/wp-content\/uploads\/2026\/03\/lune-02.jpg 990w, https:\/\/mariadiana-art.it\/wp-content\/uploads\/2026\/03\/lune-02-300x200.jpg 300w, https:\/\/mariadiana-art.it\/wp-content\/uploads\/2026\/03\/lune-02-768x512.jpg 768w\" sizes=\"(max-width: 990px) 100vw, 990px\" \/>\t\t\t\t\t\t\t\t<\/a>\n\t\t\t\t\t\t\t\t\t\t\t<figcaption class=\"widget-image-caption wp-caption-text\">Fasi lunari, 2023<br \/> Serie di 9 elementi, diametro 20cm<br \/> Terracotta bianca, ossidi<\/figcaption>\n\t\t\t\t\t\t\t\t\t\t<\/figure>\n\t\t\t\t\t\t\t\t\t<\/div>\n\t\t\t\t<\/div>\n\t\t\t\t<\/div>\n\t\t\t\t<\/div>\n\t\t","protected":false},"excerpt":{"rendered":"<p>LUNE Le lune sono opere multiple, composte da pi\u00f9 elementi che formano l\u2019arco lunare. Sono stata sempre attratta dalla piccola dimensione, mi piace l\u2019idea dell\u2019opera intima. Ultimamente per\u00f2 sento l\u2019esigenza di avere uno sguardo pi\u00f9 ampio, un gesto pi\u00f9 ampio.Ho sempre avuto il problema di usare cose di piccolo formato, per poterle cuocere nel mio [&hellip;]<\/p>\n","protected":false},"author":1,"featured_media":0,"parent":0,"menu_order":0,"comment_status":"closed","ping_status":"closed","template":"elementor_header_footer","meta":{"footnotes":""},"class_list":["post-149","page","type-page","status-publish","hentry"],"yoast_head":"<!-- This site is optimized with the Yoast SEO plugin v27.2 - https:\/\/yoast.com\/product\/yoast-seo-wordpress\/ -->\n<title>LUNE - Maria Diana Art<\/title>\n<meta name=\"robots\" content=\"index, follow, max-snippet:-1, max-image-preview:large, max-video-preview:-1\" \/>\n<link rel=\"canonical\" href=\"https:\/\/mariadiana-art.it\/index.php\/lune\/\" \/>\n<meta property=\"og:locale\" content=\"it_IT\" \/>\n<meta property=\"og:type\" content=\"article\" \/>\n<meta property=\"og:title\" content=\"LUNE - Maria Diana Art\" \/>\n<meta property=\"og:description\" content=\"LUNE Le lune sono opere multiple, composte da pi\u00f9 elementi che formano l\u2019arco lunare. Sono stata sempre attratta dalla piccola dimensione, mi piace l\u2019idea dell\u2019opera intima. Ultimamente per\u00f2 sento l\u2019esigenza di avere uno sguardo pi\u00f9 ampio, un gesto pi\u00f9 ampio.Ho sempre avuto il problema di usare cose di piccolo formato, per poterle cuocere nel mio [&hellip;]\" \/>\n<meta property=\"og:url\" content=\"https:\/\/mariadiana-art.it\/index.php\/lune\/\" \/>\n<meta property=\"og:site_name\" content=\"Maria Diana Art\" \/>\n<meta property=\"article:modified_time\" content=\"2026-04-29T16:42:09+00:00\" \/>\n<meta property=\"og:image\" content=\"https:\/\/mariadiana-art.it\/wp-content\/uploads\/2026\/03\/lune-03.jpg\" \/>\n\t<meta property=\"og:image:width\" content=\"990\" \/>\n\t<meta property=\"og:image:height\" content=\"661\" \/>\n\t<meta property=\"og:image:type\" content=\"image\/jpeg\" \/>\n<meta name=\"twitter:card\" content=\"summary_large_image\" \/>\n<meta name=\"twitter:label1\" content=\"Tempo di lettura stimato\" \/>\n\t<meta name=\"twitter:data1\" content=\"2 minuti\" \/>\n<script type=\"application\/ld+json\" class=\"yoast-schema-graph\">{\"@context\":\"https:\/\/schema.org\",\"@graph\":[{\"@type\":\"WebPage\",\"@id\":\"https:\/\/mariadiana-art.it\/index.php\/lune\/\",\"url\":\"https:\/\/mariadiana-art.it\/index.php\/lune\/\",\"name\":\"LUNE - Maria Diana Art\",\"isPartOf\":{\"@id\":\"https:\/\/mariadiana-art.it\/#website\"},\"primaryImageOfPage\":{\"@id\":\"https:\/\/mariadiana-art.it\/index.php\/lune\/#primaryimage\"},\"image\":{\"@id\":\"https:\/\/mariadiana-art.it\/index.php\/lune\/#primaryimage\"},\"thumbnailUrl\":\"https:\/\/mariadiana-art.it\/wp-content\/uploads\/2026\/03\/lune-03.jpg\",\"datePublished\":\"2025-07-12T13:43:56+00:00\",\"dateModified\":\"2026-04-29T16:42:09+00:00\",\"breadcrumb\":{\"@id\":\"https:\/\/mariadiana-art.it\/index.php\/lune\/#breadcrumb\"},\"inLanguage\":\"it-IT\",\"potentialAction\":[{\"@type\":\"ReadAction\",\"target\":[\"https:\/\/mariadiana-art.it\/index.php\/lune\/\"]}]},{\"@type\":\"ImageObject\",\"inLanguage\":\"it-IT\",\"@id\":\"https:\/\/mariadiana-art.it\/index.php\/lune\/#primaryimage\",\"url\":\"https:\/\/mariadiana-art.it\/wp-content\/uploads\/2026\/03\/lune-03.jpg\",\"contentUrl\":\"https:\/\/mariadiana-art.it\/wp-content\/uploads\/2026\/03\/lune-03.jpg\",\"width\":990,\"height\":661,\"caption\":\"lune 03\"},{\"@type\":\"BreadcrumbList\",\"@id\":\"https:\/\/mariadiana-art.it\/index.php\/lune\/#breadcrumb\",\"itemListElement\":[{\"@type\":\"ListItem\",\"position\":1,\"name\":\"Home\",\"item\":\"https:\/\/mariadiana-art.it\/\"},{\"@type\":\"ListItem\",\"position\":2,\"name\":\"LUNE\"}]},{\"@type\":\"WebSite\",\"@id\":\"https:\/\/mariadiana-art.it\/#website\",\"url\":\"https:\/\/mariadiana-art.it\/\",\"name\":\"Maria Diana Art\",\"description\":\"Materia, Arte\",\"potentialAction\":[{\"@type\":\"SearchAction\",\"target\":{\"@type\":\"EntryPoint\",\"urlTemplate\":\"https:\/\/mariadiana-art.it\/?s={search_term_string}\"},\"query-input\":{\"@type\":\"PropertyValueSpecification\",\"valueRequired\":true,\"valueName\":\"search_term_string\"}}],\"inLanguage\":\"it-IT\"}]}<\/script>\n<!-- \/ Yoast SEO plugin. -->","yoast_head_json":{"title":"LUNE - Maria Diana Art","robots":{"index":"index","follow":"follow","max-snippet":"max-snippet:-1","max-image-preview":"max-image-preview:large","max-video-preview":"max-video-preview:-1"},"canonical":"https:\/\/mariadiana-art.it\/index.php\/lune\/","og_locale":"it_IT","og_type":"article","og_title":"LUNE - Maria Diana Art","og_description":"LUNE Le lune sono opere multiple, composte da pi\u00f9 elementi che formano l\u2019arco lunare. Sono stata sempre attratta dalla piccola dimensione, mi piace l\u2019idea dell\u2019opera intima. Ultimamente per\u00f2 sento l\u2019esigenza di avere uno sguardo pi\u00f9 ampio, un gesto pi\u00f9 ampio.Ho sempre avuto il problema di usare cose di piccolo formato, per poterle cuocere nel mio [&hellip;]","og_url":"https:\/\/mariadiana-art.it\/index.php\/lune\/","og_site_name":"Maria Diana Art","article_modified_time":"2026-04-29T16:42:09+00:00","og_image":[{"width":990,"height":661,"url":"https:\/\/mariadiana-art.it\/wp-content\/uploads\/2026\/03\/lune-03.jpg","type":"image\/jpeg"}],"twitter_card":"summary_large_image","twitter_misc":{"Tempo di lettura stimato":"2 minuti"},"schema":{"@context":"https:\/\/schema.org","@graph":[{"@type":"WebPage","@id":"https:\/\/mariadiana-art.it\/index.php\/lune\/","url":"https:\/\/mariadiana-art.it\/index.php\/lune\/","name":"LUNE - Maria Diana Art","isPartOf":{"@id":"https:\/\/mariadiana-art.it\/#website"},"primaryImageOfPage":{"@id":"https:\/\/mariadiana-art.it\/index.php\/lune\/#primaryimage"},"image":{"@id":"https:\/\/mariadiana-art.it\/index.php\/lune\/#primaryimage"},"thumbnailUrl":"https:\/\/mariadiana-art.it\/wp-content\/uploads\/2026\/03\/lune-03.jpg","datePublished":"2025-07-12T13:43:56+00:00","dateModified":"2026-04-29T16:42:09+00:00","breadcrumb":{"@id":"https:\/\/mariadiana-art.it\/index.php\/lune\/#breadcrumb"},"inLanguage":"it-IT","potentialAction":[{"@type":"ReadAction","target":["https:\/\/mariadiana-art.it\/index.php\/lune\/"]}]},{"@type":"ImageObject","inLanguage":"it-IT","@id":"https:\/\/mariadiana-art.it\/index.php\/lune\/#primaryimage","url":"https:\/\/mariadiana-art.it\/wp-content\/uploads\/2026\/03\/lune-03.jpg","contentUrl":"https:\/\/mariadiana-art.it\/wp-content\/uploads\/2026\/03\/lune-03.jpg","width":990,"height":661,"caption":"lune 03"},{"@type":"BreadcrumbList","@id":"https:\/\/mariadiana-art.it\/index.php\/lune\/#breadcrumb","itemListElement":[{"@type":"ListItem","position":1,"name":"Home","item":"https:\/\/mariadiana-art.it\/"},{"@type":"ListItem","position":2,"name":"LUNE"}]},{"@type":"WebSite","@id":"https:\/\/mariadiana-art.it\/#website","url":"https:\/\/mariadiana-art.it\/","name":"Maria Diana Art","description":"Materia, Arte","potentialAction":[{"@type":"SearchAction","target":{"@type":"EntryPoint","urlTemplate":"https:\/\/mariadiana-art.it\/?s={search_term_string}"},"query-input":{"@type":"PropertyValueSpecification","valueRequired":true,"valueName":"search_term_string"}}],"inLanguage":"it-IT"}]}},"_links":{"self":[{"href":"https:\/\/mariadiana-art.it\/index.php\/wp-json\/wp\/v2\/pages\/149","targetHints":{"allow":["GET"]}}],"collection":[{"href":"https:\/\/mariadiana-art.it\/index.php\/wp-json\/wp\/v2\/pages"}],"about":[{"href":"https:\/\/mariadiana-art.it\/index.php\/wp-json\/wp\/v2\/types\/page"}],"author":[{"embeddable":true,"href":"https:\/\/mariadiana-art.it\/index.php\/wp-json\/wp\/v2\/users\/1"}],"replies":[{"embeddable":true,"href":"https:\/\/mariadiana-art.it\/index.php\/wp-json\/wp\/v2\/comments?post=149"}],"version-history":[{"count":27,"href":"https:\/\/mariadiana-art.it\/index.php\/wp-json\/wp\/v2\/pages\/149\/revisions"}],"predecessor-version":[{"id":819,"href":"https:\/\/mariadiana-art.it\/index.php\/wp-json\/wp\/v2\/pages\/149\/revisions\/819"}],"wp:attachment":[{"href":"https:\/\/mariadiana-art.it\/index.php\/wp-json\/wp\/v2\/media?parent=149"}],"curies":[{"name":"wp","href":"https:\/\/api.w.org\/{rel}","templated":true}]}}